{"id":84,"date":"2013-07-02T16:39:33","date_gmt":"2013-07-02T16:39:33","guid":{"rendered":"http:\/\/inthemine.com.br\/site\/?page_id=84"},"modified":"2025-04-17T14:12:03","modified_gmt":"2025-04-17T17:12:03","slug":"contatos","status":"publish","type":"page","link":"https:\/\/www.inthemine.com.br\/site\/contatos\/","title":{"rendered":"CONTATOS"},"content":{"rendered":"<p><strong>IN THE MINE<\/strong> \u00e9 uma publica\u00e7\u00e3o dirigida \u00e0\u00a0 ind\u00fastria\u00a0 de minera\u00e7\u00e3o\u00a0 e\u00a0 agregados. \u00c9 uma revista que associa a tecnologia \u00e0 experi\u00eancia de\u00a0 campo\u00a0 dos\u00a0 profissionais envolvidos na atividade. Todo o ciclo de produ\u00e7\u00e3o mineral da sondagem ao embarque final dos produtos \u00e9 objeto de interesse de IN THE MINE. Com um foco bem definido, IN THE MINE caracteriza-se pela busca constante de informa\u00e7\u00e3o s\u00e9ria, qualificada e de real interesse ao seu p\u00fablico leitor.<\/p>\n<form id=\"formulario\" action=\"http:\/\/www.inthemine.com.br\/site\/envia_contato.php\" method=\"post\" name=\"formulario\"><strong>Contatos:<\/strong><\/p>\n<p><strong>Wilson Bigarelli (editor)<\/strong><br \/>\n<a href=\"mailto:editor@inthemine.com.br\">editor@inthemine.com.br<\/a><\/p>\n<p><strong>Ta\u00eds Malta (gerente comercial)<\/strong><br \/>\n<a href=\"mailto:tais@inthemine.com.br\">tais@inthemine.com.br<\/a><\/p>\n<p><strong>Loja Virtual<\/strong>: <a href=\"https:\/\/factoeditorial.lojavirtuolpro.com\/\">factoeditorial.lojavirtuolpro.com\/<\/a><\/p>\n<p><strong>Editora Facto<\/strong><br \/>\nRua Pereira St\u00e9fano, 114 \u2013 CEP 04144-070<br \/>\nS\u00e3o Paulo (SP) \u2013 Tel.: (11) 34776768<br \/>\n<a href=\"http:\/\/www.editorafacto.com.br\/\">www.editorafacto.com.br<\/a><\/p>\n<\/form>\n","protected":false},"excerpt":{"rendered":"<p>IN THE MINE \u00e9 uma publica\u00e7\u00e3o dirigida \u00e0\u00a0 ind\u00fastria\u00a0 de minera\u00e7\u00e3o\u00a0 e\u00a0 agregados. \u00c9 uma revista que associa a tecnologia \u00e0 experi\u00eancia de\u00a0 campo\u00a0 dos\u00a0 profissionais envolvidos na atividade. Todo o ciclo de produ\u00e7\u00e3o mineral da sondagem ao embarque final dos produtos \u00e9 objeto de interesse de IN THE MINE. Com um foco bem definido, [&hellip;]<\/p>\n","protected":false},"author":3,"featured_media":27601,"parent":0,"menu_order":0,"comment_status":"open","ping_status":"open","template":"","meta":{"footnotes":""},"class_list":["post-84","page","type-page","status-publish","has-post-thumbnail","hentry"],"yoast_head":"<!-- This site is optimized with the Yoast SEO plugin v27.4 - https:\/\/yoast.com\/product\/yoast-seo-wordpress\/ -->\n<title>CONTATOS - Revista In The Mine<\/title>\n<meta name=\"description\" content=\"IN THE MINE \u00e9 dirigida \u00e0\u00a0 ind\u00fastria\u00a0 de minera\u00e7\u00e3o, que associa a tecnologia \u00e0 experi\u00eancia de\u00a0 campo\u00a0 dos\u00a0 profissionais envolvidos na atividade\" \/>\n<meta name=\"robots\" content=\"index, follow, max-snippet:-1, max-image-preview:large, max-video-preview:-1\" \/>\n<link rel=\"canonical\" href=\"https:\/\/www.inthemine.com.br\/site\/contatos\/\" \/>\n<meta property=\"og:locale\" content=\"pt_BR\" \/>\n<meta property=\"og:type\" content=\"article\" \/>\n<meta property=\"og:title\" content=\"CONTATOS - Revista In The Mine\" \/>\n<meta property=\"og:description\" content=\"IN THE MINE \u00e9 dirigida \u00e0\u00a0 ind\u00fastria\u00a0 de minera\u00e7\u00e3o, que associa a tecnologia \u00e0 experi\u00eancia de\u00a0 campo\u00a0 dos\u00a0 profissionais envolvidos na atividade\" \/>\n<meta property=\"og:url\" content=\"https:\/\/www.inthemine.com.br\/site\/contatos\/\" \/>\n<meta property=\"og:site_name\" content=\"Revista In The Mine\" \/>\n<meta property=\"article:publisher\" content=\"http:\/\/www.facebook.com\/inthemine\" \/>\n<meta property=\"article:modified_time\" content=\"2025-04-17T17:12:03+00:00\" \/>\n<meta property=\"og:image\" content=\"https:\/\/www.inthemine.com.br\/site\/wp-content\/uploads\/2025\/04\/logo-itm800estreito.jpg\" \/>\n\t<meta property=\"og:image:width\" content=\"800\" \/>\n\t<meta property=\"og:image:height\" content=\"230\" \/>\n\t<meta property=\"og:image:type\" content=\"image\/jpeg\" \/>\n<meta name=\"twitter:card\" content=\"summary_large_image\" \/>\n<meta name=\"twitter:site\" content=\"@intheminet\" \/>\n<meta name=\"twitter:label1\" content=\"Est. tempo de leitura\" \/>\n\t<meta name=\"twitter:data1\" content=\"1 minuto\" \/>\n<script type=\"application\/ld+json\" class=\"yoast-schema-graph\">{\"@context\":\"https:\\\/\\\/schema.org\",\"@graph\":[{\"@type\":\"WebPage\",\"@id\":\"https:\\\/\\\/www.inthemine.com.br\\\/site\\\/contatos\\\/\",\"url\":\"https:\\\/\\\/www.inthemine.com.br\\\/site\\\/contatos\\\/\",\"name\":\"CONTATOS - Revista In The Mine\",\"isPartOf\":{\"@id\":\"https:\\\/\\\/www.inthemine.com.br\\\/site\\\/#website\"},\"primaryImageOfPage\":{\"@id\":\"https:\\\/\\\/www.inthemine.com.br\\\/site\\\/contatos\\\/#primaryimage\"},\"image\":{\"@id\":\"https:\\\/\\\/www.inthemine.com.br\\\/site\\\/contatos\\\/#primaryimage\"},\"thumbnailUrl\":\"https:\\\/\\\/www.inthemine.com.br\\\/site\\\/wp-content\\\/uploads\\\/2025\\\/04\\\/logo-itm800estreito.jpg\",\"datePublished\":\"2013-07-02T16:39:33+00:00\",\"dateModified\":\"2025-04-17T17:12:03+00:00\",\"description\":\"IN THE MINE \u00e9 dirigida \u00e0\u00a0 ind\u00fastria\u00a0 de minera\u00e7\u00e3o, que associa a tecnologia \u00e0 experi\u00eancia de\u00a0 campo\u00a0 dos\u00a0 profissionais envolvidos na atividade\",\"breadcrumb\":{\"@id\":\"https:\\\/\\\/www.inthemine.com.br\\\/site\\\/contatos\\\/#breadcrumb\"},\"inLanguage\":\"pt-BR\",\"potentialAction\":[{\"@type\":\"ReadAction\",\"target\":[\"https:\\\/\\\/www.inthemine.com.br\\\/site\\\/contatos\\\/\"]}]},{\"@type\":\"ImageObject\",\"inLanguage\":\"pt-BR\",\"@id\":\"https:\\\/\\\/www.inthemine.com.br\\\/site\\\/contatos\\\/#primaryimage\",\"url\":\"https:\\\/\\\/www.inthemine.com.br\\\/site\\\/wp-content\\\/uploads\\\/2025\\\/04\\\/logo-itm800estreito.jpg\",\"contentUrl\":\"https:\\\/\\\/www.inthemine.com.br\\\/site\\\/wp-content\\\/uploads\\\/2025\\\/04\\\/logo-itm800estreito.jpg\",\"width\":800,\"height\":230,\"caption\":\"logo-itm800estreito\"},{\"@type\":\"BreadcrumbList\",\"@id\":\"https:\\\/\\\/www.inthemine.com.br\\\/site\\\/contatos\\\/#breadcrumb\",\"itemListElement\":[{\"@type\":\"ListItem\",\"position\":1,\"name\":\"In\u00edcio\",\"item\":\"https:\\\/\\\/www.inthemine.com.br\\\/site\\\/\"},{\"@type\":\"ListItem\",\"position\":2,\"name\":\"CONTATOS\"}]},{\"@type\":\"WebSite\",\"@id\":\"https:\\\/\\\/www.inthemine.com.br\\\/site\\\/#website\",\"url\":\"https:\\\/\\\/www.inthemine.com.br\\\/site\\\/\",\"name\":\"Revista In The Mine\",\"description\":\"Minera\u00e7\u00e3o brasileira\",\"publisher\":{\"@id\":\"https:\\\/\\\/www.inthemine.com.br\\\/site\\\/#organization\"},\"potentialAction\":[{\"@type\":\"SearchAction\",\"target\":{\"@type\":\"EntryPoint\",\"urlTemplate\":\"https:\\\/\\\/www.inthemine.com.br\\\/site\\\/?s={search_term_string}\"},\"query-input\":{\"@type\":\"PropertyValueSpecification\",\"valueRequired\":true,\"valueName\":\"search_term_string\"}}],\"inLanguage\":\"pt-BR\"},{\"@type\":\"Organization\",\"@id\":\"https:\\\/\\\/www.inthemine.com.br\\\/site\\\/#organization\",\"name\":\"In The Mine magazine\",\"url\":\"https:\\\/\\\/www.inthemine.com.br\\\/site\\\/\",\"logo\":{\"@type\":\"ImageObject\",\"inLanguage\":\"pt-BR\",\"@id\":\"https:\\\/\\\/www.inthemine.com.br\\\/site\\\/#\\\/schema\\\/logo\\\/image\\\/\",\"url\":\"https:\\\/\\\/www.inthemine.com.br\\\/site\\\/wp-content\\\/uploads\\\/2014\\\/08\\\/parceiro_theinmine.png\",\"contentUrl\":\"https:\\\/\\\/www.inthemine.com.br\\\/site\\\/wp-content\\\/uploads\\\/2014\\\/08\\\/parceiro_theinmine.png\",\"width\":170,\"height\":120,\"caption\":\"In The Mine magazine\"},\"image\":{\"@id\":\"https:\\\/\\\/www.inthemine.com.br\\\/site\\\/#\\\/schema\\\/logo\\\/image\\\/\"},\"sameAs\":[\"http:\\\/\\\/www.facebook.com\\\/inthemine\",\"https:\\\/\\\/x.com\\\/intheminet\",\"https:\\\/\\\/www.instagram.com\\\/minegaleria\",\"https:\\\/\\\/www.linkedin.com\\\/company\\\/in-the-mine?trk=biz-companies-cym\",\"https:\\\/\\\/www.youtube.com\\\/user\\\/revistainthemine\"]}]}<\/script>\n<!-- \/ Yoast SEO plugin. -->","yoast_head_json":{"title":"CONTATOS - Revista In The Mine","description":"IN THE MINE \u00e9 dirigida \u00e0\u00a0 ind\u00fastria\u00a0 de minera\u00e7\u00e3o, que associa a tecnologia \u00e0 experi\u00eancia de\u00a0 campo\u00a0 dos\u00a0 profissionais envolvidos na atividade","robots":{"index":"index","follow":"follow","max-snippet":"max-snippet:-1","max-image-preview":"max-image-preview:large","max-video-preview":"max-video-preview:-1"},"canonical":"https:\/\/www.inthemine.com.br\/site\/contatos\/","og_locale":"pt_BR","og_type":"article","og_title":"CONTATOS - Revista In The Mine","og_description":"IN THE MINE \u00e9 dirigida \u00e0\u00a0 ind\u00fastria\u00a0 de minera\u00e7\u00e3o, que associa a tecnologia \u00e0 experi\u00eancia de\u00a0 campo\u00a0 dos\u00a0 profissionais envolvidos na atividade","og_url":"https:\/\/www.inthemine.com.br\/site\/contatos\/","og_site_name":"Revista In The Mine","article_publisher":"http:\/\/www.facebook.com\/inthemine","article_modified_time":"2025-04-17T17:12:03+00:00","og_image":[{"width":800,"height":230,"url":"https:\/\/www.inthemine.com.br\/site\/wp-content\/uploads\/2025\/04\/logo-itm800estreito.jpg","type":"image\/jpeg"}],"twitter_card":"summary_large_image","twitter_site":"@intheminet","twitter_misc":{"Est. tempo de leitura":"1 minuto"},"schema":{"@context":"https:\/\/schema.org","@graph":[{"@type":"WebPage","@id":"https:\/\/www.inthemine.com.br\/site\/contatos\/","url":"https:\/\/www.inthemine.com.br\/site\/contatos\/","name":"CONTATOS - Revista In The Mine","isPartOf":{"@id":"https:\/\/www.inthemine.com.br\/site\/#website"},"primaryImageOfPage":{"@id":"https:\/\/www.inthemine.com.br\/site\/contatos\/#primaryimage"},"image":{"@id":"https:\/\/www.inthemine.com.br\/site\/contatos\/#primaryimage"},"thumbnailUrl":"https:\/\/www.inthemine.com.br\/site\/wp-content\/uploads\/2025\/04\/logo-itm800estreito.jpg","datePublished":"2013-07-02T16:39:33+00:00","dateModified":"2025-04-17T17:12:03+00:00","description":"IN THE MINE \u00e9 dirigida \u00e0\u00a0 ind\u00fastria\u00a0 de minera\u00e7\u00e3o, que associa a tecnologia \u00e0 experi\u00eancia de\u00a0 campo\u00a0 dos\u00a0 profissionais envolvidos na atividade","breadcrumb":{"@id":"https:\/\/www.inthemine.com.br\/site\/contatos\/#breadcrumb"},"inLanguage":"pt-BR","potentialAction":[{"@type":"ReadAction","target":["https:\/\/www.inthemine.com.br\/site\/contatos\/"]}]},{"@type":"ImageObject","inLanguage":"pt-BR","@id":"https:\/\/www.inthemine.com.br\/site\/contatos\/#primaryimage","url":"https:\/\/www.inthemine.com.br\/site\/wp-content\/uploads\/2025\/04\/logo-itm800estreito.jpg","contentUrl":"https:\/\/www.inthemine.com.br\/site\/wp-content\/uploads\/2025\/04\/logo-itm800estreito.jpg","width":800,"height":230,"caption":"logo-itm800estreito"},{"@type":"BreadcrumbList","@id":"https:\/\/www.inthemine.com.br\/site\/contatos\/#breadcrumb","itemListElement":[{"@type":"ListItem","position":1,"name":"In\u00edcio","item":"https:\/\/www.inthemine.com.br\/site\/"},{"@type":"ListItem","position":2,"name":"CONTATOS"}]},{"@type":"WebSite","@id":"https:\/\/www.inthemine.com.br\/site\/#website","url":"https:\/\/www.inthemine.com.br\/site\/","name":"Revista In The Mine","description":"Minera\u00e7\u00e3o brasileira","publisher":{"@id":"https:\/\/www.inthemine.com.br\/site\/#organization"},"potentialAction":[{"@type":"SearchAction","target":{"@type":"EntryPoint","urlTemplate":"https:\/\/www.inthemine.com.br\/site\/?s={search_term_string}"},"query-input":{"@type":"PropertyValueSpecification","valueRequired":true,"valueName":"search_term_string"}}],"inLanguage":"pt-BR"},{"@type":"Organization","@id":"https:\/\/www.inthemine.com.br\/site\/#organization","name":"In The Mine magazine","url":"https:\/\/www.inthemine.com.br\/site\/","logo":{"@type":"ImageObject","inLanguage":"pt-BR","@id":"https:\/\/www.inthemine.com.br\/site\/#\/schema\/logo\/image\/","url":"https:\/\/www.inthemine.com.br\/site\/wp-content\/uploads\/2014\/08\/parceiro_theinmine.png","contentUrl":"https:\/\/www.inthemine.com.br\/site\/wp-content\/uploads\/2014\/08\/parceiro_theinmine.png","width":170,"height":120,"caption":"In The Mine magazine"},"image":{"@id":"https:\/\/www.inthemine.com.br\/site\/#\/schema\/logo\/image\/"},"sameAs":["http:\/\/www.facebook.com\/inthemine","https:\/\/x.com\/intheminet","https:\/\/www.instagram.com\/minegaleria","https:\/\/www.linkedin.com\/company\/in-the-mine?trk=biz-companies-cym","https:\/\/www.youtube.com\/user\/revistainthemine"]}]}},"_links":{"self":[{"href":"https:\/\/www.inthemine.com.br\/site\/wp-json\/wp\/v2\/pages\/84","targetHints":{"allow":["GET"]}}],"collection":[{"href":"https:\/\/www.inthemine.com.br\/site\/wp-json\/wp\/v2\/pages"}],"about":[{"href":"https:\/\/www.inthemine.com.br\/site\/wp-json\/wp\/v2\/types\/page"}],"author":[{"embeddable":true,"href":"https:\/\/www.inthemine.com.br\/site\/wp-json\/wp\/v2\/users\/3"}],"replies":[{"embeddable":true,"href":"https:\/\/www.inthemine.com.br\/site\/wp-json\/wp\/v2\/comments?post=84"}],"version-history":[{"count":8,"href":"https:\/\/www.inthemine.com.br\/site\/wp-json\/wp\/v2\/pages\/84\/revisions"}],"predecessor-version":[{"id":27600,"href":"https:\/\/www.inthemine.com.br\/site\/wp-json\/wp\/v2\/pages\/84\/revisions\/27600"}],"wp:featuredmedia":[{"embeddable":true,"href":"https:\/\/www.inthemine.com.br\/site\/wp-json\/wp\/v2\/media\/27601"}],"wp:attachment":[{"href":"https:\/\/www.inthemine.com.br\/site\/wp-json\/wp\/v2\/media?parent=84"}],"curies":[{"name":"wp","href":"https:\/\/api.w.org\/{rel}","templated":true}]}}