{"id":70,"date":"2013-07-02T16:11:34","date_gmt":"2013-07-02T16:11:34","guid":{"rendered":"http:\/\/inthemine.com.br\/site\/?page_id=70"},"modified":"2025-11-18T18:42:27","modified_gmt":"2025-11-18T21:42:27","slug":"quem-somos","status":"publish","type":"page","link":"https:\/\/www.inthemine.com.br\/site\/quem-somos\/","title":{"rendered":"QUEM SOMOS"},"content":{"rendered":"<p style=\"text-align: left;\"><strong>IN THE MINE<\/strong> \u00e9 uma publica\u00e7\u00e3o da Editora Facto dirigida \u00e0 ind\u00fastria de minera\u00e7\u00e3o e agregados. \u00c9 uma revista que associa a tecnologia \u00e0 experi\u00eancia de campo dos profissionais envolvidos na atividade. Todo o ciclo de produ\u00e7\u00e3o mineral da sondagem ao embarque final dos produtos \u00e9 objeto de interesse de IN THE MINE.<\/p>\n<p style=\"text-align: left;\"><strong>\u00a0IN THE MINE<\/strong> \u00e9, sobretudo, uma revista de conte\u00fado, reunindo consultores e\u00a0uma equipe de jornalistas especializados com mais de 30 anos de experi\u00eancia no mercado de minera\u00e7\u00e3o,\u00a0equipamentos, metalurgia, tecnologia da informa\u00e7\u00e3o, legisla\u00e7\u00e3o mineral e recursos humanos. Ao mesmo\u00a0tempo, a divulga\u00e7\u00e3o das pol\u00edticas de meio-ambiente, relacionamento com a comunidade e treinamento de\u00a0pessoal, tem destaque central na pauta.<\/p>\n<p style=\"text-align: left;\"><strong>IN THE MINE<\/strong> \u00e9 uma publica\u00e7\u00e3o voltada aos profissionais que buscam na tecnologia as alternativas para\u00a0aumentar a efici\u00eancia da atividade mineral, com o aumento da produtividade e redu\u00e7\u00e3o dos custos\u00a0operacionais.<\/p>\n<p style=\"text-align: left;\"><strong>IN THE MINE<\/strong> que, h\u00e1 mais de uma d\u00e9cada, lan\u00e7ou um novo conceito de comunica\u00e7\u00e3o e\u00a0linguagem dentre as publica\u00e7\u00f5es voltadas ao setor mineral, inova mais uma vez. Completamente ambientada\u00a0na era das redes sociais, transformou seu pr\u00f3prio website em refer\u00eancia de conte\u00fado que, da m\u00eddia impressa,\u00a0ganhou escala e repercuss\u00e3o em todas as principais redes sociais.<\/p>\n<h3><a href=\"https:\/\/www.inthemine.com.br\/site\/publicidade\/\">Conhe\u00e7a em detalhes nossa proposta de trabalho para 2026.<\/a><\/h3>\n<p><strong>Fale Conosco:<\/strong><\/p>\n<p><strong>T\u00e9bis Oliveira (editora executiva)<\/strong><br \/>\n<a href=\"mailto:tebis@inthemine.com.br\">tebis@inthemine.com.br<\/a><br \/>\n<strong>Ta\u00eds Malta (gerente comercial)<\/strong><br \/>\n<a href=\"mailto:tais@inthemine.com.br\">tais@inthemine.com.br<\/a><\/p>\n<p><strong>Editora Facto<\/strong><br \/>\nRua Pereira St\u00e9fano, 114 \u2013 CEP 04144-070<br \/>\nS\u00e3o Paulo (SP) \u2013 Tel.: (11) 34776768<\/p>\n<p><a href=\"https:\/\/factoeditorial.lojavirtuolpro.com\/\">Loja virtual: factoeditorial.com.br<\/a><\/p>\n<p><a href=\"https:\/\/www.inthemine.com.br\/site\/politica-de-privacidade\/\">Conhe\u00e7a nossa Pol\u00edtica de Privacidade<\/a><\/p>\n<p>&nbsp;<\/p>\n","protected":false},"excerpt":{"rendered":"<p>IN THE MINE \u00e9 uma publica\u00e7\u00e3o da Editora Facto dirigida \u00e0 ind\u00fastria de minera\u00e7\u00e3o e agregados. \u00c9 uma revista que associa a tecnologia \u00e0 experi\u00eancia de campo dos profissionais envolvidos na atividade. Todo o ciclo de produ\u00e7\u00e3o mineral da sondagem ao embarque final dos produtos \u00e9 objeto de interesse de IN THE MINE. \u00a0IN THE [&hellip;]<\/p>\n","protected":false},"author":3,"featured_media":23880,"parent":0,"menu_order":0,"comment_status":"open","ping_status":"open","template":"","meta":{"footnotes":""},"class_list":["post-70","page","type-page","status-publish","has-post-thumbnail","hentry"],"yoast_head":"<!-- This site is optimized with the Yoast SEO plugin v27.4 - https:\/\/yoast.com\/product\/yoast-seo-wordpress\/ -->\n<title>QUEM SOMOS - Revista In The Mine<\/title>\n<meta name=\"description\" content=\"\u00c9 uma revista que associa a tecnologia \u00e0 experi\u00eancia de campo dos profissionais envolvidos na atividade. Aborda todo o ciclo de produ\u00e7\u00e3o mineral da sondagem ao embarque final\" \/>\n<meta name=\"robots\" content=\"index, follow, max-snippet:-1, max-image-preview:large, max-video-preview:-1\" \/>\n<link rel=\"canonical\" href=\"https:\/\/www.inthemine.com.br\/site\/quem-somos\/\" \/>\n<meta property=\"og:locale\" content=\"pt_BR\" \/>\n<meta property=\"og:type\" content=\"article\" \/>\n<meta property=\"og:title\" content=\"QUEM SOMOS - Revista In The Mine\" \/>\n<meta property=\"og:description\" content=\"\u00c9 uma revista que associa a tecnologia \u00e0 experi\u00eancia de campo dos profissionais envolvidos na atividade. Aborda todo o ciclo de produ\u00e7\u00e3o mineral da sondagem ao embarque final\" \/>\n<meta property=\"og:url\" content=\"https:\/\/www.inthemine.com.br\/site\/quem-somos\/\" \/>\n<meta property=\"og:site_name\" content=\"Revista In The Mine\" \/>\n<meta property=\"article:publisher\" content=\"http:\/\/www.facebook.com\/inthemine\" \/>\n<meta property=\"article:modified_time\" content=\"2025-11-18T21:42:27+00:00\" \/>\n<meta property=\"og:image\" content=\"https:\/\/www.inthemine.com.br\/site\/wp-content\/uploads\/2023\/11\/imagem-foco.jpg\" \/>\n\t<meta property=\"og:image:width\" content=\"800\" \/>\n\t<meta property=\"og:image:height\" content=\"846\" \/>\n\t<meta property=\"og:image:type\" content=\"image\/jpeg\" \/>\n<meta name=\"twitter:card\" content=\"summary_large_image\" \/>\n<meta name=\"twitter:site\" content=\"@intheminet\" \/>\n<meta name=\"twitter:label1\" content=\"Est. tempo de leitura\" \/>\n\t<meta name=\"twitter:data1\" content=\"2 minutos\" \/>\n<script type=\"application\/ld+json\" class=\"yoast-schema-graph\">{\"@context\":\"https:\\\/\\\/schema.org\",\"@graph\":[{\"@type\":\"WebPage\",\"@id\":\"https:\\\/\\\/www.inthemine.com.br\\\/site\\\/quem-somos\\\/\",\"url\":\"https:\\\/\\\/www.inthemine.com.br\\\/site\\\/quem-somos\\\/\",\"name\":\"QUEM SOMOS - Revista In The Mine\",\"isPartOf\":{\"@id\":\"https:\\\/\\\/www.inthemine.com.br\\\/site\\\/#website\"},\"primaryImageOfPage\":{\"@id\":\"https:\\\/\\\/www.inthemine.com.br\\\/site\\\/quem-somos\\\/#primaryimage\"},\"image\":{\"@id\":\"https:\\\/\\\/www.inthemine.com.br\\\/site\\\/quem-somos\\\/#primaryimage\"},\"thumbnailUrl\":\"https:\\\/\\\/www.inthemine.com.br\\\/site\\\/wp-content\\\/uploads\\\/2023\\\/11\\\/imagem-foco.jpg\",\"datePublished\":\"2013-07-02T16:11:34+00:00\",\"dateModified\":\"2025-11-18T21:42:27+00:00\",\"description\":\"\u00c9 uma revista que associa a tecnologia \u00e0 experi\u00eancia de campo dos profissionais envolvidos na atividade. Aborda todo o ciclo de produ\u00e7\u00e3o mineral da sondagem ao embarque final\",\"breadcrumb\":{\"@id\":\"https:\\\/\\\/www.inthemine.com.br\\\/site\\\/quem-somos\\\/#breadcrumb\"},\"inLanguage\":\"pt-BR\",\"potentialAction\":[{\"@type\":\"ReadAction\",\"target\":[\"https:\\\/\\\/www.inthemine.com.br\\\/site\\\/quem-somos\\\/\"]}]},{\"@type\":\"ImageObject\",\"inLanguage\":\"pt-BR\",\"@id\":\"https:\\\/\\\/www.inthemine.com.br\\\/site\\\/quem-somos\\\/#primaryimage\",\"url\":\"https:\\\/\\\/www.inthemine.com.br\\\/site\\\/wp-content\\\/uploads\\\/2023\\\/11\\\/imagem-foco.jpg\",\"contentUrl\":\"https:\\\/\\\/www.inthemine.com.br\\\/site\\\/wp-content\\\/uploads\\\/2023\\\/11\\\/imagem-foco.jpg\",\"width\":800,\"height\":846,\"caption\":\"imagem-foco\"},{\"@type\":\"BreadcrumbList\",\"@id\":\"https:\\\/\\\/www.inthemine.com.br\\\/site\\\/quem-somos\\\/#breadcrumb\",\"itemListElement\":[{\"@type\":\"ListItem\",\"position\":1,\"name\":\"In\u00edcio\",\"item\":\"https:\\\/\\\/www.inthemine.com.br\\\/site\\\/\"},{\"@type\":\"ListItem\",\"position\":2,\"name\":\"QUEM SOMOS\"}]},{\"@type\":\"WebSite\",\"@id\":\"https:\\\/\\\/www.inthemine.com.br\\\/site\\\/#website\",\"url\":\"https:\\\/\\\/www.inthemine.com.br\\\/site\\\/\",\"name\":\"Revista In The Mine\",\"description\":\"Minera\u00e7\u00e3o brasileira\",\"publisher\":{\"@id\":\"https:\\\/\\\/www.inthemine.com.br\\\/site\\\/#organization\"},\"potentialAction\":[{\"@type\":\"SearchAction\",\"target\":{\"@type\":\"EntryPoint\",\"urlTemplate\":\"https:\\\/\\\/www.inthemine.com.br\\\/site\\\/?s={search_term_string}\"},\"query-input\":{\"@type\":\"PropertyValueSpecification\",\"valueRequired\":true,\"valueName\":\"search_term_string\"}}],\"inLanguage\":\"pt-BR\"},{\"@type\":\"Organization\",\"@id\":\"https:\\\/\\\/www.inthemine.com.br\\\/site\\\/#organization\",\"name\":\"In The Mine magazine\",\"url\":\"https:\\\/\\\/www.inthemine.com.br\\\/site\\\/\",\"logo\":{\"@type\":\"ImageObject\",\"inLanguage\":\"pt-BR\",\"@id\":\"https:\\\/\\\/www.inthemine.com.br\\\/site\\\/#\\\/schema\\\/logo\\\/image\\\/\",\"url\":\"https:\\\/\\\/www.inthemine.com.br\\\/site\\\/wp-content\\\/uploads\\\/2014\\\/08\\\/parceiro_theinmine.png\",\"contentUrl\":\"https:\\\/\\\/www.inthemine.com.br\\\/site\\\/wp-content\\\/uploads\\\/2014\\\/08\\\/parceiro_theinmine.png\",\"width\":170,\"height\":120,\"caption\":\"In The Mine magazine\"},\"image\":{\"@id\":\"https:\\\/\\\/www.inthemine.com.br\\\/site\\\/#\\\/schema\\\/logo\\\/image\\\/\"},\"sameAs\":[\"http:\\\/\\\/www.facebook.com\\\/inthemine\",\"https:\\\/\\\/x.com\\\/intheminet\",\"https:\\\/\\\/www.instagram.com\\\/minegaleria\",\"https:\\\/\\\/www.linkedin.com\\\/company\\\/in-the-mine?trk=biz-companies-cym\",\"https:\\\/\\\/www.youtube.com\\\/user\\\/revistainthemine\"]}]}<\/script>\n<!-- \/ Yoast SEO plugin. -->","yoast_head_json":{"title":"QUEM SOMOS - Revista In The Mine","description":"\u00c9 uma revista que associa a tecnologia \u00e0 experi\u00eancia de campo dos profissionais envolvidos na atividade. Aborda todo o ciclo de produ\u00e7\u00e3o mineral da sondagem ao embarque final","robots":{"index":"index","follow":"follow","max-snippet":"max-snippet:-1","max-image-preview":"max-image-preview:large","max-video-preview":"max-video-preview:-1"},"canonical":"https:\/\/www.inthemine.com.br\/site\/quem-somos\/","og_locale":"pt_BR","og_type":"article","og_title":"QUEM SOMOS - Revista In The Mine","og_description":"\u00c9 uma revista que associa a tecnologia \u00e0 experi\u00eancia de campo dos profissionais envolvidos na atividade. Aborda todo o ciclo de produ\u00e7\u00e3o mineral da sondagem ao embarque final","og_url":"https:\/\/www.inthemine.com.br\/site\/quem-somos\/","og_site_name":"Revista In The Mine","article_publisher":"http:\/\/www.facebook.com\/inthemine","article_modified_time":"2025-11-18T21:42:27+00:00","og_image":[{"width":800,"height":846,"url":"https:\/\/www.inthemine.com.br\/site\/wp-content\/uploads\/2023\/11\/imagem-foco.jpg","type":"image\/jpeg"}],"twitter_card":"summary_large_image","twitter_site":"@intheminet","twitter_misc":{"Est. tempo de leitura":"2 minutos"},"schema":{"@context":"https:\/\/schema.org","@graph":[{"@type":"WebPage","@id":"https:\/\/www.inthemine.com.br\/site\/quem-somos\/","url":"https:\/\/www.inthemine.com.br\/site\/quem-somos\/","name":"QUEM SOMOS - Revista In The Mine","isPartOf":{"@id":"https:\/\/www.inthemine.com.br\/site\/#website"},"primaryImageOfPage":{"@id":"https:\/\/www.inthemine.com.br\/site\/quem-somos\/#primaryimage"},"image":{"@id":"https:\/\/www.inthemine.com.br\/site\/quem-somos\/#primaryimage"},"thumbnailUrl":"https:\/\/www.inthemine.com.br\/site\/wp-content\/uploads\/2023\/11\/imagem-foco.jpg","datePublished":"2013-07-02T16:11:34+00:00","dateModified":"2025-11-18T21:42:27+00:00","description":"\u00c9 uma revista que associa a tecnologia \u00e0 experi\u00eancia de campo dos profissionais envolvidos na atividade. Aborda todo o ciclo de produ\u00e7\u00e3o mineral da sondagem ao embarque final","breadcrumb":{"@id":"https:\/\/www.inthemine.com.br\/site\/quem-somos\/#breadcrumb"},"inLanguage":"pt-BR","potentialAction":[{"@type":"ReadAction","target":["https:\/\/www.inthemine.com.br\/site\/quem-somos\/"]}]},{"@type":"ImageObject","inLanguage":"pt-BR","@id":"https:\/\/www.inthemine.com.br\/site\/quem-somos\/#primaryimage","url":"https:\/\/www.inthemine.com.br\/site\/wp-content\/uploads\/2023\/11\/imagem-foco.jpg","contentUrl":"https:\/\/www.inthemine.com.br\/site\/wp-content\/uploads\/2023\/11\/imagem-foco.jpg","width":800,"height":846,"caption":"imagem-foco"},{"@type":"BreadcrumbList","@id":"https:\/\/www.inthemine.com.br\/site\/quem-somos\/#breadcrumb","itemListElement":[{"@type":"ListItem","position":1,"name":"In\u00edcio","item":"https:\/\/www.inthemine.com.br\/site\/"},{"@type":"ListItem","position":2,"name":"QUEM SOMOS"}]},{"@type":"WebSite","@id":"https:\/\/www.inthemine.com.br\/site\/#website","url":"https:\/\/www.inthemine.com.br\/site\/","name":"Revista In The Mine","description":"Minera\u00e7\u00e3o brasileira","publisher":{"@id":"https:\/\/www.inthemine.com.br\/site\/#organization"},"potentialAction":[{"@type":"SearchAction","target":{"@type":"EntryPoint","urlTemplate":"https:\/\/www.inthemine.com.br\/site\/?s={search_term_string}"},"query-input":{"@type":"PropertyValueSpecification","valueRequired":true,"valueName":"search_term_string"}}],"inLanguage":"pt-BR"},{"@type":"Organization","@id":"https:\/\/www.inthemine.com.br\/site\/#organization","name":"In The Mine magazine","url":"https:\/\/www.inthemine.com.br\/site\/","logo":{"@type":"ImageObject","inLanguage":"pt-BR","@id":"https:\/\/www.inthemine.com.br\/site\/#\/schema\/logo\/image\/","url":"https:\/\/www.inthemine.com.br\/site\/wp-content\/uploads\/2014\/08\/parceiro_theinmine.png","contentUrl":"https:\/\/www.inthemine.com.br\/site\/wp-content\/uploads\/2014\/08\/parceiro_theinmine.png","width":170,"height":120,"caption":"In The Mine magazine"},"image":{"@id":"https:\/\/www.inthemine.com.br\/site\/#\/schema\/logo\/image\/"},"sameAs":["http:\/\/www.facebook.com\/inthemine","https:\/\/x.com\/intheminet","https:\/\/www.instagram.com\/minegaleria","https:\/\/www.linkedin.com\/company\/in-the-mine?trk=biz-companies-cym","https:\/\/www.youtube.com\/user\/revistainthemine"]}]}},"_links":{"self":[{"href":"https:\/\/www.inthemine.com.br\/site\/wp-json\/wp\/v2\/pages\/70","targetHints":{"allow":["GET"]}}],"collection":[{"href":"https:\/\/www.inthemine.com.br\/site\/wp-json\/wp\/v2\/pages"}],"about":[{"href":"https:\/\/www.inthemine.com.br\/site\/wp-json\/wp\/v2\/types\/page"}],"author":[{"embeddable":true,"href":"https:\/\/www.inthemine.com.br\/site\/wp-json\/wp\/v2\/users\/3"}],"replies":[{"embeddable":true,"href":"https:\/\/www.inthemine.com.br\/site\/wp-json\/wp\/v2\/comments?post=70"}],"version-history":[{"count":6,"href":"https:\/\/www.inthemine.com.br\/site\/wp-json\/wp\/v2\/pages\/70\/revisions"}],"predecessor-version":[{"id":29427,"href":"https:\/\/www.inthemine.com.br\/site\/wp-json\/wp\/v2\/pages\/70\/revisions\/29427"}],"wp:featuredmedia":[{"embeddable":true,"href":"https:\/\/www.inthemine.com.br\/site\/wp-json\/wp\/v2\/media\/23880"}],"wp:attachment":[{"href":"https:\/\/www.inthemine.com.br\/site\/wp-json\/wp\/v2\/media?parent=70"}],"curies":[{"name":"wp","href":"https:\/\/api.w.org\/{rel}","templated":true}]}}