{"id":17097,"date":"2020-07-09T13:07:10","date_gmt":"2020-07-09T16:07:10","guid":{"rendered":"https:\/\/www.inthemine.com.br\/site\/?page_id=17097"},"modified":"2020-07-09T14:07:09","modified_gmt":"2020-07-09T17:07:09","slug":"politica-de-privacidade","status":"publish","type":"page","link":"https:\/\/www.inthemine.com.br\/site\/politica-de-privacidade\/","title":{"rendered":"POL\u00cdTICA DE PRIVACIDADE"},"content":{"rendered":"<p>A sua privacidade \u00e9 importante para n\u00f3s. \u00c9 pol\u00edtica da In The Mine respeitar a sua privacidade em rela\u00e7\u00e3o a qualquer informa\u00e7\u00e3o sua que possamos coletar no portal In The Mine. Assim como em nosso trabalho cotidiano de reportagem e apura\u00e7\u00e3o de fatos jornal\u00edsticos.<\/p>\n<p>N\u00e3o solicitamos informa\u00e7\u00f5es pessoais, apenas profissionais, para fundamentar o conte\u00fado em reportagens e no trabalho jornal\u00edstico em geral. Fazemo-lo por meios justos e legais, com conhecimento e consentimento do entrevistado.<\/p>\n<p>Quando armazenamos dados, protegemos dentro de meios comercialmente aceit\u00e1veis \u200b\u200bpara evitar perdas e roubos, bem como acesso, divulga\u00e7\u00e3o, c\u00f3pia, uso ou modifica\u00e7\u00e3o n\u00e3o autorizados.<\/p>\n<p>N\u00e3o compartilhamos informa\u00e7\u00f5es de identifica\u00e7\u00e3o pessoal publicamente ou com terceiros, exceto quando exigido por lei.<\/p>\n<p>Salientamos que somos totalmente contr\u00e1rios \u00e0 gera\u00e7\u00e3o e propaga\u00e7\u00e3o de Spam ou Fake News. Nosso compromisso permanente \u00e9 o de apurar e veicular informa\u00e7\u00e3o qualificada e de real interesse aos profissionais e executivos do setor.<\/p>\n<p>O nosso site pode ter links para sites externos que n\u00e3o s\u00e3o operados por n\u00f3s. Esteja ciente de que n\u00e3o temos controle sobre o conte\u00fado e pr\u00e1ticas desses sites e n\u00e3o podemos aceitar responsabilidade por suas respectivas\u00a0<a href=\"https:\/\/politicaprivacidade.com\/\" target=\"_BLANK\" rel=\"noopener noreferrer\">pol\u00edticas de privacidade<\/a>.<\/p>\n<p>O uso continuado de nosso site ser\u00e1 considerado como aceita\u00e7\u00e3o de nossas pr\u00e1ticas em torno de privacidade e informa\u00e7\u00f5es pessoais. Se voc\u00ea tiver alguma d\u00favida sobre como lidamos com dados do usu\u00e1rio e informa\u00e7\u00f5es pessoais, entre em contacto connosco.<\/p>\n<p>Este site usa o Google Analytics, que \u00e9 uma das solu\u00e7\u00f5es de an\u00e1lise mais difundidas e confi\u00e1veis \u200b\u200bda Web, para nos ajudar a entender como os usu\u00e1rios usam o site e suas \u00e1reas de interesse. De modo que podemos melhorar sua experi\u00eancia.\u00a0Para mais informa\u00e7\u00f5es consulte a p\u00e1gina oficial do Google Analytics.<\/p>\n<p>&nbsp;<\/p>\n","protected":false},"excerpt":{"rendered":"<p>A sua privacidade \u00e9 importante para n\u00f3s. \u00c9 pol\u00edtica da In The Mine respeitar a sua privacidade em rela\u00e7\u00e3o a qualquer informa\u00e7\u00e3o sua que possamos coletar no portal In The Mine. Assim como em nosso trabalho cotidiano de reportagem e apura\u00e7\u00e3o de fatos jornal\u00edsticos. N\u00e3o solicitamos informa\u00e7\u00f5es pessoais, apenas profissionais, para fundamentar o conte\u00fado em [&hellip;]<\/p>\n","protected":false},"author":3,"featured_media":0,"parent":0,"menu_order":0,"comment_status":"closed","ping_status":"closed","template":"","meta":{"footnotes":""},"class_list":["post-17097","page","type-page","status-publish","hentry"],"yoast_head":"<!-- This site is optimized with the Yoast SEO plugin v27.4 - https:\/\/yoast.com\/product\/yoast-seo-wordpress\/ -->\n<title>POL\u00cdTICA DE PRIVACIDADE - Revista In The Mine<\/title>\n<meta name=\"description\" content=\"\u00c9 pol\u00edtica da In The Mine o respeito \u00e0 privacidade em rela\u00e7\u00e3o a qualquer informa\u00e7\u00e3o obtida no trabalho cotidiano de reportagem e apura\u00e7\u00e3o jorrnal\u00edstica\" \/>\n<meta name=\"robots\" content=\"index, follow, max-snippet:-1, max-image-preview:large, max-video-preview:-1\" \/>\n<link rel=\"canonical\" href=\"https:\/\/www.inthemine.com.br\/site\/politica-de-privacidade\/\" \/>\n<meta property=\"og:locale\" content=\"pt_BR\" \/>\n<meta property=\"og:type\" content=\"article\" \/>\n<meta property=\"og:title\" content=\"POL\u00cdTICA DE PRIVACIDADE - Revista In The Mine\" \/>\n<meta property=\"og:description\" content=\"\u00c9 pol\u00edtica da In The Mine o respeito \u00e0 privacidade em rela\u00e7\u00e3o a qualquer informa\u00e7\u00e3o obtida no trabalho cotidiano de reportagem e apura\u00e7\u00e3o jorrnal\u00edstica\" \/>\n<meta property=\"og:url\" content=\"https:\/\/www.inthemine.com.br\/site\/politica-de-privacidade\/\" \/>\n<meta property=\"og:site_name\" content=\"Revista In The Mine\" \/>\n<meta property=\"article:publisher\" content=\"http:\/\/www.facebook.com\/inthemine\" \/>\n<meta property=\"article:modified_time\" content=\"2020-07-09T17:07:09+00:00\" \/>\n<meta name=\"twitter:card\" content=\"summary_large_image\" \/>\n<meta name=\"twitter:site\" content=\"@intheminet\" \/>\n<meta name=\"twitter:label1\" content=\"Est. tempo de leitura\" \/>\n\t<meta name=\"twitter:data1\" content=\"2 minutos\" \/>\n<script type=\"application\/ld+json\" class=\"yoast-schema-graph\">{\"@context\":\"https:\\\/\\\/schema.org\",\"@graph\":[{\"@type\":\"WebPage\",\"@id\":\"https:\\\/\\\/www.inthemine.com.br\\\/site\\\/politica-de-privacidade\\\/\",\"url\":\"https:\\\/\\\/www.inthemine.com.br\\\/site\\\/politica-de-privacidade\\\/\",\"name\":\"POL\u00cdTICA DE PRIVACIDADE - Revista In The Mine\",\"isPartOf\":{\"@id\":\"https:\\\/\\\/www.inthemine.com.br\\\/site\\\/#website\"},\"datePublished\":\"2020-07-09T16:07:10+00:00\",\"dateModified\":\"2020-07-09T17:07:09+00:00\",\"description\":\"\u00c9 pol\u00edtica da In The Mine o respeito \u00e0 privacidade em rela\u00e7\u00e3o a qualquer informa\u00e7\u00e3o obtida no trabalho cotidiano de reportagem e apura\u00e7\u00e3o jorrnal\u00edstica\",\"breadcrumb\":{\"@id\":\"https:\\\/\\\/www.inthemine.com.br\\\/site\\\/politica-de-privacidade\\\/#breadcrumb\"},\"inLanguage\":\"pt-BR\",\"potentialAction\":[{\"@type\":\"ReadAction\",\"target\":[\"https:\\\/\\\/www.inthemine.com.br\\\/site\\\/politica-de-privacidade\\\/\"]}]},{\"@type\":\"BreadcrumbList\",\"@id\":\"https:\\\/\\\/www.inthemine.com.br\\\/site\\\/politica-de-privacidade\\\/#breadcrumb\",\"itemListElement\":[{\"@type\":\"ListItem\",\"position\":1,\"name\":\"In\u00edcio\",\"item\":\"https:\\\/\\\/www.inthemine.com.br\\\/site\\\/\"},{\"@type\":\"ListItem\",\"position\":2,\"name\":\"POL\u00cdTICA DE PRIVACIDADE\"}]},{\"@type\":\"WebSite\",\"@id\":\"https:\\\/\\\/www.inthemine.com.br\\\/site\\\/#website\",\"url\":\"https:\\\/\\\/www.inthemine.com.br\\\/site\\\/\",\"name\":\"Revista In The Mine\",\"description\":\"Minera\u00e7\u00e3o brasileira\",\"publisher\":{\"@id\":\"https:\\\/\\\/www.inthemine.com.br\\\/site\\\/#organization\"},\"potentialAction\":[{\"@type\":\"SearchAction\",\"target\":{\"@type\":\"EntryPoint\",\"urlTemplate\":\"https:\\\/\\\/www.inthemine.com.br\\\/site\\\/?s={search_term_string}\"},\"query-input\":{\"@type\":\"PropertyValueSpecification\",\"valueRequired\":true,\"valueName\":\"search_term_string\"}}],\"inLanguage\":\"pt-BR\"},{\"@type\":\"Organization\",\"@id\":\"https:\\\/\\\/www.inthemine.com.br\\\/site\\\/#organization\",\"name\":\"In The Mine magazine\",\"url\":\"https:\\\/\\\/www.inthemine.com.br\\\/site\\\/\",\"logo\":{\"@type\":\"ImageObject\",\"inLanguage\":\"pt-BR\",\"@id\":\"https:\\\/\\\/www.inthemine.com.br\\\/site\\\/#\\\/schema\\\/logo\\\/image\\\/\",\"url\":\"https:\\\/\\\/www.inthemine.com.br\\\/site\\\/wp-content\\\/uploads\\\/2014\\\/08\\\/parceiro_theinmine.png\",\"contentUrl\":\"https:\\\/\\\/www.inthemine.com.br\\\/site\\\/wp-content\\\/uploads\\\/2014\\\/08\\\/parceiro_theinmine.png\",\"width\":170,\"height\":120,\"caption\":\"In The Mine magazine\"},\"image\":{\"@id\":\"https:\\\/\\\/www.inthemine.com.br\\\/site\\\/#\\\/schema\\\/logo\\\/image\\\/\"},\"sameAs\":[\"http:\\\/\\\/www.facebook.com\\\/inthemine\",\"https:\\\/\\\/x.com\\\/intheminet\",\"https:\\\/\\\/www.instagram.com\\\/minegaleria\",\"https:\\\/\\\/www.linkedin.com\\\/company\\\/in-the-mine?trk=biz-companies-cym\",\"https:\\\/\\\/www.youtube.com\\\/user\\\/revistainthemine\"]}]}<\/script>\n<!-- \/ Yoast SEO plugin. -->","yoast_head_json":{"title":"POL\u00cdTICA DE PRIVACIDADE - Revista In The Mine","description":"\u00c9 pol\u00edtica da In The Mine o respeito \u00e0 privacidade em rela\u00e7\u00e3o a qualquer informa\u00e7\u00e3o obtida no trabalho cotidiano de reportagem e apura\u00e7\u00e3o jorrnal\u00edstica","robots":{"index":"index","follow":"follow","max-snippet":"max-snippet:-1","max-image-preview":"max-image-preview:large","max-video-preview":"max-video-preview:-1"},"canonical":"https:\/\/www.inthemine.com.br\/site\/politica-de-privacidade\/","og_locale":"pt_BR","og_type":"article","og_title":"POL\u00cdTICA DE PRIVACIDADE - Revista In The Mine","og_description":"\u00c9 pol\u00edtica da In The Mine o respeito \u00e0 privacidade em rela\u00e7\u00e3o a qualquer informa\u00e7\u00e3o obtida no trabalho cotidiano de reportagem e apura\u00e7\u00e3o jorrnal\u00edstica","og_url":"https:\/\/www.inthemine.com.br\/site\/politica-de-privacidade\/","og_site_name":"Revista In The Mine","article_publisher":"http:\/\/www.facebook.com\/inthemine","article_modified_time":"2020-07-09T17:07:09+00:00","twitter_card":"summary_large_image","twitter_site":"@intheminet","twitter_misc":{"Est. tempo de leitura":"2 minutos"},"schema":{"@context":"https:\/\/schema.org","@graph":[{"@type":"WebPage","@id":"https:\/\/www.inthemine.com.br\/site\/politica-de-privacidade\/","url":"https:\/\/www.inthemine.com.br\/site\/politica-de-privacidade\/","name":"POL\u00cdTICA DE PRIVACIDADE - Revista In The Mine","isPartOf":{"@id":"https:\/\/www.inthemine.com.br\/site\/#website"},"datePublished":"2020-07-09T16:07:10+00:00","dateModified":"2020-07-09T17:07:09+00:00","description":"\u00c9 pol\u00edtica da In The Mine o respeito \u00e0 privacidade em rela\u00e7\u00e3o a qualquer informa\u00e7\u00e3o obtida no trabalho cotidiano de reportagem e apura\u00e7\u00e3o jorrnal\u00edstica","breadcrumb":{"@id":"https:\/\/www.inthemine.com.br\/site\/politica-de-privacidade\/#breadcrumb"},"inLanguage":"pt-BR","potentialAction":[{"@type":"ReadAction","target":["https:\/\/www.inthemine.com.br\/site\/politica-de-privacidade\/"]}]},{"@type":"BreadcrumbList","@id":"https:\/\/www.inthemine.com.br\/site\/politica-de-privacidade\/#breadcrumb","itemListElement":[{"@type":"ListItem","position":1,"name":"In\u00edcio","item":"https:\/\/www.inthemine.com.br\/site\/"},{"@type":"ListItem","position":2,"name":"POL\u00cdTICA DE PRIVACIDADE"}]},{"@type":"WebSite","@id":"https:\/\/www.inthemine.com.br\/site\/#website","url":"https:\/\/www.inthemine.com.br\/site\/","name":"Revista In The Mine","description":"Minera\u00e7\u00e3o brasileira","publisher":{"@id":"https:\/\/www.inthemine.com.br\/site\/#organization"},"potentialAction":[{"@type":"SearchAction","target":{"@type":"EntryPoint","urlTemplate":"https:\/\/www.inthemine.com.br\/site\/?s={search_term_string}"},"query-input":{"@type":"PropertyValueSpecification","valueRequired":true,"valueName":"search_term_string"}}],"inLanguage":"pt-BR"},{"@type":"Organization","@id":"https:\/\/www.inthemine.com.br\/site\/#organization","name":"In The Mine magazine","url":"https:\/\/www.inthemine.com.br\/site\/","logo":{"@type":"ImageObject","inLanguage":"pt-BR","@id":"https:\/\/www.inthemine.com.br\/site\/#\/schema\/logo\/image\/","url":"https:\/\/www.inthemine.com.br\/site\/wp-content\/uploads\/2014\/08\/parceiro_theinmine.png","contentUrl":"https:\/\/www.inthemine.com.br\/site\/wp-content\/uploads\/2014\/08\/parceiro_theinmine.png","width":170,"height":120,"caption":"In The Mine magazine"},"image":{"@id":"https:\/\/www.inthemine.com.br\/site\/#\/schema\/logo\/image\/"},"sameAs":["http:\/\/www.facebook.com\/inthemine","https:\/\/x.com\/intheminet","https:\/\/www.instagram.com\/minegaleria","https:\/\/www.linkedin.com\/company\/in-the-mine?trk=biz-companies-cym","https:\/\/www.youtube.com\/user\/revistainthemine"]}]}},"_links":{"self":[{"href":"https:\/\/www.inthemine.com.br\/site\/wp-json\/wp\/v2\/pages\/17097","targetHints":{"allow":["GET"]}}],"collection":[{"href":"https:\/\/www.inthemine.com.br\/site\/wp-json\/wp\/v2\/pages"}],"about":[{"href":"https:\/\/www.inthemine.com.br\/site\/wp-json\/wp\/v2\/types\/page"}],"author":[{"embeddable":true,"href":"https:\/\/www.inthemine.com.br\/site\/wp-json\/wp\/v2\/users\/3"}],"replies":[{"embeddable":true,"href":"https:\/\/www.inthemine.com.br\/site\/wp-json\/wp\/v2\/comments?post=17097"}],"version-history":[{"count":2,"href":"https:\/\/www.inthemine.com.br\/site\/wp-json\/wp\/v2\/pages\/17097\/revisions"}],"predecessor-version":[{"id":17099,"href":"https:\/\/www.inthemine.com.br\/site\/wp-json\/wp\/v2\/pages\/17097\/revisions\/17099"}],"wp:attachment":[{"href":"https:\/\/www.inthemine.com.br\/site\/wp-json\/wp\/v2\/media?parent=17097"}],"curies":[{"name":"wp","href":"https:\/\/api.w.org\/{rel}","templated":true}]}}